{"id":259,"date":"2019-09-05T07:02:39","date_gmt":"2019-09-05T07:02:39","guid":{"rendered":"https:\/\/sktperfectdemo.com\/themepack\/business\/?page_id=259"},"modified":"2024-12-21T17:19:26","modified_gmt":"2024-12-21T17:19:26","slug":"about-us","status":"publish","type":"page","link":"https:\/\/copasycervezas.com\/?page_id=259","title":{"rendered":"Quienes Somos"},"content":{"rendered":"\t\t<div data-elementor-type=\"wp-post\" data-elementor-id=\"259\" class=\"elementor elementor-259\" data-elementor-post-type=\"page\">\n\t\t\t\t\t\t<section class=\"elementor-section elementor-top-section elementor-element elementor-element-62cf3812 elementor-section-boxed elementor-section-height-default elementor-section-height-default\" data-id=\"62cf3812\" data-element_type=\"section\" data-settings=\"{&quot;background_background&quot;:&quot;classic&quot;}\">\n\t\t\t\t\t\t<div class=\"elementor-container elementor-column-gap-wider\">\n\t\t\t\t\t<div class=\"elementor-column elementor-col-50 elementor-top-column elementor-element elementor-element-cd98a6a\" data-id=\"cd98a6a\" data-element_type=\"column\">\n\t\t\t<div class=\"elementor-widget-wrap elementor-element-populated\">\n\t\t\t\t\t\t<div class=\"elementor-element elementor-element-13bff58e elementor-widget elementor-widget-heading\" data-id=\"13bff58e\" data-element_type=\"widget\" data-widget_type=\"heading.default\">\n\t\t\t\t<div class=\"elementor-widget-container\">\n\t\t\t\t\t<span class=\"elementor-heading-title elementor-size-default\">QUIENES SOMOS<\/span>\t\t\t\t<\/div>\n\t\t\t\t<\/div>\n\t\t\t\t<div class=\"elementor-element elementor-element-6c56d2f8 elementor-widget elementor-widget-heading\" data-id=\"6c56d2f8\" data-element_type=\"widget\" data-widget_type=\"heading.default\">\n\t\t\t\t<div class=\"elementor-widget-container\">\n\t\t\t\t\t<h2 class=\"elementor-heading-title elementor-size-default\">Sobre Copas y Cervezas<\/h2>\t\t\t\t<\/div>\n\t\t\t\t<\/div>\n\t\t\t\t<div class=\"elementor-element elementor-element-4351d4c7 elementor-widget-divider--view-line elementor-widget elementor-widget-divider\" data-id=\"4351d4c7\" data-element_type=\"widget\" data-widget_type=\"divider.default\">\n\t\t\t\t<div class=\"elementor-widget-container\">\n\t\t\t\t\t\t\t<div class=\"elementor-divider\">\n\t\t\t<span class=\"elementor-divider-separator\">\n\t\t\t\t\t\t<\/span>\n\t\t<\/div>\n\t\t\t\t\t\t<\/div>\n\t\t\t\t<\/div>\n\t\t\t\t<div class=\"elementor-element elementor-element-7028368c elementor-widget elementor-widget-text-editor\" data-id=\"7028368c\" data-element_type=\"widget\" data-widget_type=\"text-editor.default\">\n\t\t\t\t<div class=\"elementor-widget-container\">\n\t\t\t\t\t\t\t\t\t<p>Somos una empresa familiar dedicada a buscar y entregar en la puerta de tu hogar los mejores vinos de autor y cervezas artesanales del pa\u00eds.<\/p><p>Contamos con la colaboraci\u00f3n de mas de 100 vi\u00f1as y 80 productores de cervezas artesanales, en donde nuestros sommelier eligen cuidadosamente los mejores productos para ti.<\/p>\t\t\t\t\t\t\t\t<\/div>\n\t\t\t\t<\/div>\n\t\t\t\t\t<\/div>\n\t\t<\/div>\n\t\t\t\t<div class=\"elementor-column elementor-col-50 elementor-top-column elementor-element elementor-element-557042a7\" data-id=\"557042a7\" data-element_type=\"column\">\n\t\t\t<div class=\"elementor-widget-wrap elementor-element-populated\">\n\t\t\t\t\t\t<div class=\"elementor-element elementor-element-a5052b9 elementor-widget elementor-widget-image\" data-id=\"a5052b9\" data-element_type=\"widget\" data-widget_type=\"image.default\">\n\t\t\t\t<div class=\"elementor-widget-container\">\n\t\t\t\t\t\t\t\t\t\t\t\t\t\t\t<img fetchpriority=\"high\" decoding=\"async\" width=\"430\" height=\"498\" src=\"https:\/\/copasycervezas.com\/wp-content\/uploads\/2020\/03\/section7-img.jpg\" class=\"attachment-full size-full wp-image-576\" alt=\"\" srcset=\"https:\/\/copasycervezas.com\/wp-content\/uploads\/2020\/03\/section7-img.jpg 430w, https:\/\/copasycervezas.com\/wp-content\/uploads\/2020\/03\/section7-img-259x300.jpg 259w\" sizes=\"(max-width: 430px) 100vw, 430px\" \/>\t\t\t\t\t\t\t\t\t\t\t\t\t\t\t<\/div>\n\t\t\t\t<\/div>\n\t\t\t\t\t<\/div>\n\t\t<\/div>\n\t\t\t\t\t<\/div>\n\t\t<\/section>\n\t\t\t\t<\/div>\n\t\t","protected":false},"excerpt":{"rendered":"<p>QUIENES SOMOS Sobre Copas y Cervezas Somos una empresa familiar dedicada a buscar y entregar en la puerta de tu hogar los mejores vinos de autor y cervezas artesanales del pa\u00eds. Contamos con la colaboraci\u00f3n de mas de 100 vi\u00f1as y 80 productores de cervezas artesanales, en donde nuestros sommelier eligen cuidadosamente los mejores productos<br \/><a class=\"moretag\" href=\"https:\/\/copasycervezas.com\/?page_id=259\">+ Read More<\/a><\/p>\n","protected":false},"author":1,"featured_media":0,"parent":0,"menu_order":0,"comment_status":"closed","ping_status":"closed","template":"templates\/page-builder.php","meta":{"footnotes":""},"class_list":["post-259","page","type-page","status-publish","hentry"],"jetpack_sharing_enabled":true,"_links":{"self":[{"href":"https:\/\/copasycervezas.com\/index.php?rest_route=\/wp\/v2\/pages\/259","targetHints":{"allow":["GET"]}}],"collection":[{"href":"https:\/\/copasycervezas.com\/index.php?rest_route=\/wp\/v2\/pages"}],"about":[{"href":"https:\/\/copasycervezas.com\/index.php?rest_route=\/wp\/v2\/types\/page"}],"author":[{"embeddable":true,"href":"https:\/\/copasycervezas.com\/index.php?rest_route=\/wp\/v2\/users\/1"}],"replies":[{"embeddable":true,"href":"https:\/\/copasycervezas.com\/index.php?rest_route=%2Fwp%2Fv2%2Fcomments&post=259"}],"version-history":[{"count":8,"href":"https:\/\/copasycervezas.com\/index.php?rest_route=\/wp\/v2\/pages\/259\/revisions"}],"predecessor-version":[{"id":798,"href":"https:\/\/copasycervezas.com\/index.php?rest_route=\/wp\/v2\/pages\/259\/revisions\/798"}],"wp:attachment":[{"href":"https:\/\/copasycervezas.com\/index.php?rest_route=%2Fwp%2Fv2%2Fmedia&parent=259"}],"curies":[{"name":"wp","href":"https:\/\/api.w.org\/{rel}","templated":true}]}}